{"id":221437,"date":"2023-08-10T09:26:39","date_gmt":"2023-08-10T13:26:39","guid":{"rendered":"https:\/\/www.www.www.lightuniversity.com\/continuing-education\/csm-301-aplicacion-practica-del-programa-de-coaching-de-salud-mental\/"},"modified":"2026-02-19T13:24:19","modified_gmt":"2026-02-19T18:24:19","slug":"csm-301-aplicacion-practica-del-programa-de-coaching-de-salud-mental","status":"publish","type":"product","link":"https:\/\/lightuniversity.com\/es\/continuing-education\/csm-301-aplicacion-practica-del-programa-de-coaching-de-salud-mental\/","title":{"rendered":"CSM 301: Aplicaci\u00f3n pr\u00e1ctica del programa de coaching de salud mental"},"content":{"rendered":"<p>Esta secci\u00f3n final ayudar\u00e1 a los estudiantes a prepararse como coach de salud mental para reunirse con futuros clientes. Los temas cubiertos incluyen el rol y la repercusi\u00f3n del coach de salud mental dentro de la comunidad de fe local, c\u00f3mo dirigir grupos peque\u00f1os, las pautas \u00e9ticas y responsabilidades a seguir, y los est\u00e1ndares profesionales para implementar t\u00e9cnicas de intervenci\u00f3n en crisis.<\/p>\n<p>Acreditaciones de Educaci\u00f3n Continua aplicables a este curso<br \/>\nIBCC<br \/>\n*Este curso no est\u00e1 aprobado para cr\u00e9ditos NBCC ni cumple con los requisitos de Educaci\u00f3n Continua para la licencia estatal de profesionales de la salud mental.<\/p>","protected":false},"excerpt":{"rendered":"<p>Esta secci\u00f3n final ayudar\u00e1 a los estudiantes a prepararse como coach de salud mental para reunirse con futuros clientes. Los temas cubiertos incluyen el rol y la repercusi\u00f3n del coach de salud mental dentro de la comunidad de fe local, c\u00f3mo dirigir grupos peque\u00f1os, las pautas \u00e9ticas y responsabilidades a seguir, y los est\u00e1ndares profesionales [&hellip;]<\/p>","protected":false},"featured_media":313342,"template":"","meta":{"_et_pb_use_builder":"","_et_pb_old_content":"","_et_gb_content_width":"","content-type":""},"product_brand":[],"product_cat":[617],"product_tag":[1013],"class_list":{"0":"post-221437","1":"product","2":"type-product","3":"status-publish","4":"has-post-thumbnail","6":"product_cat-mental-health-coaching","7":"product_tag-csm301-ondt","9":"first","10":"instock","11":"virtual","12":"sold-individually","13":"purchasable","14":"product-type-simple"},"yoast_head":"<!-- This site is optimized with the Yoast SEO plugin v26.6 - https:\/\/yoast.com\/wordpress\/plugins\/seo\/ -->\n<title>CSM 301: Aplicaci\u00f3n pr\u00e1ctica del programa de coaching de salud mental - Light University<\/title>\n<meta name=\"robots\" content=\"index, follow, max-snippet:-1, max-image-preview:large, max-video-preview:-1\" \/>\n<link rel=\"canonical\" href=\"https:\/\/lightuniversity.com\/es\/continuing-education\/csm-301-aplicacion-practica-del-programa-de-coaching-de-salud-mental\/\" \/>\n<meta property=\"og:locale\" content=\"es_MX\" \/>\n<meta property=\"og:type\" content=\"article\" \/>\n<meta property=\"og:title\" content=\"CSM 301: Aplicaci\u00f3n pr\u00e1ctica del programa de coaching de salud mental - Light University\" \/>\n<meta property=\"og:description\" content=\"Esta secci\u00f3n final ayudar\u00e1 a los estudiantes a prepararse como coach de salud mental para reunirse con futuros clientes. Los temas cubiertos incluyen el rol y la repercusi\u00f3n del coach de salud mental dentro de la comunidad de fe local, c\u00f3mo dirigir grupos peque\u00f1os, las pautas \u00e9ticas y responsabilidades a seguir, y los est\u00e1ndares profesionales [&hellip;]\" \/>\n<meta property=\"og:url\" content=\"https:\/\/lightuniversity.com\/es\/continuing-education\/csm-301-aplicacion-practica-del-programa-de-coaching-de-salud-mental\/\" \/>\n<meta property=\"og:site_name\" content=\"Light University\" \/>\n<meta property=\"article:publisher\" content=\"http:\/\/www.facebook.com\/lightuniversityonline\" \/>\n<meta property=\"article:modified_time\" content=\"2026-02-19T18:24:19+00:00\" \/>\n<meta property=\"og:image\" content=\"https:\/\/s3.amazonaws.com\/offload.media.lightuniversity\/wp-content\/uploads\/2023\/08\/04140615\/OND-CSM-301-web.png\" \/>\n\t<meta property=\"og:image:width\" content=\"720\" \/>\n\t<meta property=\"og:image:height\" content=\"576\" \/>\n\t<meta property=\"og:image:type\" content=\"image\/png\" \/>\n<meta name=\"twitter:card\" content=\"summary_large_image\" \/>\n<meta name=\"twitter:site\" content=\"@LightUOnline\" \/>\n<meta name=\"twitter:label1\" content=\"Tiempo de lectura\" \/>\n\t<meta name=\"twitter:data1\" content=\"1 minuto\" \/>\n<script type=\"application\/ld+json\" class=\"yoast-schema-graph\">{\"@context\":\"https:\/\/schema.org\",\"@graph\":[{\"@type\":\"WebPage\",\"@id\":\"https:\/\/lightuniversity.com\/continuing-education\/csm-301-aplicacion-practica-del-programa-de-coaching-de-salud-mental\/\",\"url\":\"https:\/\/lightuniversity.com\/continuing-education\/csm-301-aplicacion-practica-del-programa-de-coaching-de-salud-mental\/\",\"name\":\"CSM 301: Aplicaci\u00f3n pr\u00e1ctica del programa de coaching de salud mental - Light University\",\"isPartOf\":{\"@id\":\"https:\/\/lightuniversity.com\/es\/#website\"},\"primaryImageOfPage\":{\"@id\":\"https:\/\/lightuniversity.com\/continuing-education\/csm-301-aplicacion-practica-del-programa-de-coaching-de-salud-mental\/#primaryimage\"},\"image\":{\"@id\":\"https:\/\/lightuniversity.com\/continuing-education\/csm-301-aplicacion-practica-del-programa-de-coaching-de-salud-mental\/#primaryimage\"},\"thumbnailUrl\":\"https:\/\/s3.amazonaws.com\/offload.media.lightuniversity\/wp-content\/uploads\/2023\/08\/04140615\/OND-CSM-301-web.png\",\"datePublished\":\"2023-08-10T13:26:39+00:00\",\"dateModified\":\"2026-02-19T18:24:19+00:00\",\"breadcrumb\":{\"@id\":\"https:\/\/lightuniversity.com\/continuing-education\/csm-301-aplicacion-practica-del-programa-de-coaching-de-salud-mental\/#breadcrumb\"},\"inLanguage\":\"es\",\"potentialAction\":[{\"@type\":\"ReadAction\",\"target\":[\"https:\/\/lightuniversity.com\/continuing-education\/csm-301-aplicacion-practica-del-programa-de-coaching-de-salud-mental\/\"]}]},{\"@type\":\"ImageObject\",\"inLanguage\":\"es\",\"@id\":\"https:\/\/lightuniversity.com\/continuing-education\/csm-301-aplicacion-practica-del-programa-de-coaching-de-salud-mental\/#primaryimage\",\"url\":\"https:\/\/s3.amazonaws.com\/offload.media.lightuniversity\/wp-content\/uploads\/2023\/08\/04140615\/OND-CSM-301-web.png\",\"contentUrl\":\"https:\/\/s3.amazonaws.com\/offload.media.lightuniversity\/wp-content\/uploads\/2023\/08\/04140615\/OND-CSM-301-web.png\",\"width\":720,\"height\":576},{\"@type\":\"BreadcrumbList\",\"@id\":\"https:\/\/lightuniversity.com\/continuing-education\/csm-301-aplicacion-practica-del-programa-de-coaching-de-salud-mental\/#breadcrumb\",\"itemListElement\":[{\"@type\":\"ListItem\",\"position\":1,\"name\":\"Continuing Education\",\"item\":\"https:\/\/lightuniversity.com\/continuing-education\/\"},{\"@type\":\"ListItem\",\"position\":2,\"name\":\"CSM 301: Aplicaci\u00f3n pr\u00e1ctica del programa de coaching de salud mental\"}]},{\"@type\":\"WebSite\",\"@id\":\"https:\/\/lightuniversity.com\/es\/#website\",\"url\":\"https:\/\/lightuniversity.com\/es\/\",\"name\":\"Light University\",\"description\":\"The Leader in Certificate &amp; Diploma Based Christian Counseling Education\",\"potentialAction\":[{\"@type\":\"SearchAction\",\"target\":{\"@type\":\"EntryPoint\",\"urlTemplate\":\"https:\/\/lightuniversity.com\/es\/?s={search_term_string}\"},\"query-input\":{\"@type\":\"PropertyValueSpecification\",\"valueRequired\":true,\"valueName\":\"search_term_string\"}}],\"inLanguage\":\"es\"}]}<\/script>\n<!-- \/ Yoast SEO plugin. -->","yoast_head_json":{"title":"CSM 301: Aplicaci\u00f3n pr\u00e1ctica del programa de coaching de salud mental - Light University","robots":{"index":"index","follow":"follow","max-snippet":"max-snippet:-1","max-image-preview":"max-image-preview:large","max-video-preview":"max-video-preview:-1"},"canonical":"https:\/\/lightuniversity.com\/es\/continuing-education\/csm-301-aplicacion-practica-del-programa-de-coaching-de-salud-mental\/","og_locale":"es_MX","og_type":"article","og_title":"CSM 301: Aplicaci\u00f3n pr\u00e1ctica del programa de coaching de salud mental - Light University","og_description":"Esta secci\u00f3n final ayudar\u00e1 a los estudiantes a prepararse como coach de salud mental para reunirse con futuros clientes. Los temas cubiertos incluyen el rol y la repercusi\u00f3n del coach de salud mental dentro de la comunidad de fe local, c\u00f3mo dirigir grupos peque\u00f1os, las pautas \u00e9ticas y responsabilidades a seguir, y los est\u00e1ndares profesionales [&hellip;]","og_url":"https:\/\/lightuniversity.com\/es\/continuing-education\/csm-301-aplicacion-practica-del-programa-de-coaching-de-salud-mental\/","og_site_name":"Light University","article_publisher":"http:\/\/www.facebook.com\/lightuniversityonline","article_modified_time":"2026-02-19T18:24:19+00:00","og_image":[{"width":720,"height":576,"url":"https:\/\/s3.amazonaws.com\/offload.media.lightuniversity\/wp-content\/uploads\/2023\/08\/04140615\/OND-CSM-301-web.png","type":"image\/png"}],"twitter_card":"summary_large_image","twitter_site":"@LightUOnline","twitter_misc":{"Tiempo de lectura":"1 minuto"},"schema":{"@context":"https:\/\/schema.org","@graph":[{"@type":"WebPage","@id":"https:\/\/lightuniversity.com\/continuing-education\/csm-301-aplicacion-practica-del-programa-de-coaching-de-salud-mental\/","url":"https:\/\/lightuniversity.com\/continuing-education\/csm-301-aplicacion-practica-del-programa-de-coaching-de-salud-mental\/","name":"CSM 301: Aplicaci\u00f3n pr\u00e1ctica del programa de coaching de salud mental - Light University","isPartOf":{"@id":"https:\/\/lightuniversity.com\/es\/#website"},"primaryImageOfPage":{"@id":"https:\/\/lightuniversity.com\/continuing-education\/csm-301-aplicacion-practica-del-programa-de-coaching-de-salud-mental\/#primaryimage"},"image":{"@id":"https:\/\/lightuniversity.com\/continuing-education\/csm-301-aplicacion-practica-del-programa-de-coaching-de-salud-mental\/#primaryimage"},"thumbnailUrl":"https:\/\/s3.amazonaws.com\/offload.media.lightuniversity\/wp-content\/uploads\/2023\/08\/04140615\/OND-CSM-301-web.png","datePublished":"2023-08-10T13:26:39+00:00","dateModified":"2026-02-19T18:24:19+00:00","breadcrumb":{"@id":"https:\/\/lightuniversity.com\/continuing-education\/csm-301-aplicacion-practica-del-programa-de-coaching-de-salud-mental\/#breadcrumb"},"inLanguage":"es","potentialAction":[{"@type":"ReadAction","target":["https:\/\/lightuniversity.com\/continuing-education\/csm-301-aplicacion-practica-del-programa-de-coaching-de-salud-mental\/"]}]},{"@type":"ImageObject","inLanguage":"es","@id":"https:\/\/lightuniversity.com\/continuing-education\/csm-301-aplicacion-practica-del-programa-de-coaching-de-salud-mental\/#primaryimage","url":"https:\/\/s3.amazonaws.com\/offload.media.lightuniversity\/wp-content\/uploads\/2023\/08\/04140615\/OND-CSM-301-web.png","contentUrl":"https:\/\/s3.amazonaws.com\/offload.media.lightuniversity\/wp-content\/uploads\/2023\/08\/04140615\/OND-CSM-301-web.png","width":720,"height":576},{"@type":"BreadcrumbList","@id":"https:\/\/lightuniversity.com\/continuing-education\/csm-301-aplicacion-practica-del-programa-de-coaching-de-salud-mental\/#breadcrumb","itemListElement":[{"@type":"ListItem","position":1,"name":"Continuing Education","item":"https:\/\/lightuniversity.com\/continuing-education\/"},{"@type":"ListItem","position":2,"name":"CSM 301: Aplicaci\u00f3n pr\u00e1ctica del programa de coaching de salud mental"}]},{"@type":"WebSite","@id":"https:\/\/lightuniversity.com\/es\/#website","url":"https:\/\/lightuniversity.com\/es\/","name":"Light University","description":"The Leader in Certificate &amp; Diploma Based Christian Counseling Education","potentialAction":[{"@type":"SearchAction","target":{"@type":"EntryPoint","urlTemplate":"https:\/\/lightuniversity.com\/es\/?s={search_term_string}"},"query-input":{"@type":"PropertyValueSpecification","valueRequired":true,"valueName":"search_term_string"}}],"inLanguage":"es"}]}},"_links":{"self":[{"href":"https:\/\/lightuniversity.com\/es\/wp-json\/wp\/v2\/product\/221437","targetHints":{"allow":["GET"]}}],"collection":[{"href":"https:\/\/lightuniversity.com\/es\/wp-json\/wp\/v2\/product"}],"about":[{"href":"https:\/\/lightuniversity.com\/es\/wp-json\/wp\/v2\/types\/product"}],"wp:featuredmedia":[{"embeddable":true,"href":"https:\/\/lightuniversity.com\/es\/wp-json\/wp\/v2\/media\/313342"}],"wp:attachment":[{"href":"https:\/\/lightuniversity.com\/es\/wp-json\/wp\/v2\/media?parent=221437"}],"wp:term":[{"taxonomy":"product_brand","embeddable":true,"href":"https:\/\/lightuniversity.com\/es\/wp-json\/wp\/v2\/product_brand?post=221437"},{"taxonomy":"product_cat","embeddable":true,"href":"https:\/\/lightuniversity.com\/es\/wp-json\/wp\/v2\/product_cat?post=221437"},{"taxonomy":"product_tag","embeddable":true,"href":"https:\/\/lightuniversity.com\/es\/wp-json\/wp\/v2\/product_tag?post=221437"}],"curies":[{"name":"wp","href":"https:\/\/api.w.org\/{rel}","templated":true}]}}